{"id":123,"date":"2025-11-13T11:29:52","date_gmt":"2025-11-13T11:29:52","guid":{"rendered":"https:\/\/julstudio.estaciondiseno.es\/?page_id=123"},"modified":"2026-01-25T13:23:34","modified_gmt":"2026-01-25T13:23:34","slug":"confeccion","status":"publish","type":"page","link":"https:\/\/julstudio.estaciondiseno.es\/index.php\/confeccion\/","title":{"rendered":"CONFECCI\u00d3N"},"content":{"rendered":"\t\t<div data-elementor-type=\"wp-page\" data-elementor-id=\"123\" class=\"elementor elementor-123\">\n\t\t\t\t\t\t<section class=\"elementor-section elementor-top-section elementor-element elementor-element-3f3472b elementor-section-boxed elementor-section-height-default elementor-section-height-default\" data-id=\"3f3472b\" data-element_type=\"section\">\n\t\t\t\t\t\t<div class=\"elementor-container elementor-column-gap-default\">\n\t\t\t\t\t<div class=\"elementor-column elementor-col-100 elementor-top-column elementor-element elementor-element-cf0215f\" data-id=\"cf0215f\" data-element_type=\"column\">\n\t\t\t<div class=\"elementor-widget-wrap elementor-element-populated\">\n\t\t\t\t\t\t<div class=\"elementor-element elementor-element-792a14e animated-slow elementor-invisible elementor-widget elementor-widget-text-editor\" data-id=\"792a14e\" data-element_type=\"widget\" data-settings=\"{&quot;_animation&quot;:&quot;slideInLeft&quot;}\" data-widget_type=\"text-editor.default\">\n\t\t\t\t<div class=\"elementor-widget-container\">\n\t\t\t\t\t\t\t\t\t<p style=\"text-align: center;\"><span style=\"font-family: georgia, palatino; font-size: 42px;\">CONFECCI\u00d3N<\/span><\/p>\t\t\t\t\t\t\t\t<\/div>\n\t\t\t\t<\/div>\n\t\t\t\t\t<\/div>\n\t\t<\/div>\n\t\t\t\t\t<\/div>\n\t\t<\/section>\n\t\t\t\t<section class=\"elementor-section elementor-top-section elementor-element elementor-element-fc3eae6 elementor-section-boxed elementor-section-height-default elementor-section-height-default\" data-id=\"fc3eae6\" data-element_type=\"section\">\n\t\t\t\t\t\t<div class=\"elementor-container elementor-column-gap-default\">\n\t\t\t\t\t<div class=\"elementor-column elementor-col-50 elementor-top-column elementor-element elementor-element-165f459\" data-id=\"165f459\" data-element_type=\"column\">\n\t\t\t<div class=\"elementor-widget-wrap elementor-element-populated\">\n\t\t\t\t\t\t<div class=\"elementor-element elementor-element-e348b05 animated-slow elementor-invisible elementor-widget elementor-widget-image\" data-id=\"e348b05\" data-element_type=\"widget\" data-settings=\"{&quot;_animation&quot;:&quot;slideInRight&quot;}\" data-widget_type=\"image.default\">\n\t\t\t\t<div class=\"elementor-widget-container\">\n\t\t\t\t\t\t\t\t\t\t\t\t\t\t\t<img fetchpriority=\"high\" decoding=\"async\" width=\"683\" height=\"1024\" src=\"https:\/\/julstudio.estaciondiseno.es\/wp-content\/uploads\/2025\/11\/PHOTO-2025-10-02-13-43-53-2-683x1024.jpg\" class=\"attachment-large size-large wp-image-342\" alt=\"\" srcset=\"https:\/\/julstudio.estaciondiseno.es\/wp-content\/uploads\/2025\/11\/PHOTO-2025-10-02-13-43-53-2-683x1024.jpg 683w, https:\/\/julstudio.estaciondiseno.es\/wp-content\/uploads\/2025\/11\/PHOTO-2025-10-02-13-43-53-2-200x300.jpg 200w, https:\/\/julstudio.estaciondiseno.es\/wp-content\/uploads\/2025\/11\/PHOTO-2025-10-02-13-43-53-2-1025x1536.jpg 1025w, https:\/\/julstudio.estaciondiseno.es\/wp-content\/uploads\/2025\/11\/PHOTO-2025-10-02-13-43-53-2.jpg 1366w\" sizes=\"100vw\" \/>\t\t\t\t\t\t\t\t\t\t\t\t\t\t\t<\/div>\n\t\t\t\t<\/div>\n\t\t\t\t\t<\/div>\n\t\t<\/div>\n\t\t\t\t<div class=\"elementor-column elementor-col-50 elementor-top-column elementor-element elementor-element-de460de\" data-id=\"de460de\" data-element_type=\"column\">\n\t\t\t<div class=\"elementor-widget-wrap elementor-element-populated\">\n\t\t\t\t\t\t<div class=\"elementor-element elementor-element-7c819db animated-slow elementor-invisible elementor-widget elementor-widget-image\" data-id=\"7c819db\" data-element_type=\"widget\" data-settings=\"{&quot;_animation&quot;:&quot;slideInRight&quot;}\" data-widget_type=\"image.default\">\n\t\t\t\t<div class=\"elementor-widget-container\">\n\t\t\t\t\t\t\t\t\t\t\t\t\t\t\t<img decoding=\"async\" width=\"683\" height=\"1024\" src=\"https:\/\/julstudio.estaciondiseno.es\/wp-content\/uploads\/2025\/11\/PHOTO-2025-10-02-13-43-56-2-683x1024.jpg\" class=\"attachment-large size-large wp-image-343\" alt=\"\" srcset=\"https:\/\/julstudio.estaciondiseno.es\/wp-content\/uploads\/2025\/11\/PHOTO-2025-10-02-13-43-56-2-683x1024.jpg 683w, https:\/\/julstudio.estaciondiseno.es\/wp-content\/uploads\/2025\/11\/PHOTO-2025-10-02-13-43-56-2-200x300.jpg 200w, https:\/\/julstudio.estaciondiseno.es\/wp-content\/uploads\/2025\/11\/PHOTO-2025-10-02-13-43-56-2-1025x1536.jpg 1025w, https:\/\/julstudio.estaciondiseno.es\/wp-content\/uploads\/2025\/11\/PHOTO-2025-10-02-13-43-56-2.jpg 1366w\" sizes=\"100vw\" \/>\t\t\t\t\t\t\t\t\t\t\t\t\t\t\t<\/div>\n\t\t\t\t<\/div>\n\t\t\t\t\t<\/div>\n\t\t<\/div>\n\t\t\t\t\t<\/div>\n\t\t<\/section>\n\t\t\t\t<section class=\"elementor-section elementor-top-section elementor-element elementor-element-c42a9fe elementor-section-boxed elementor-section-height-default elementor-section-height-default\" data-id=\"c42a9fe\" data-element_type=\"section\">\n\t\t\t\t\t\t<div class=\"elementor-container elementor-column-gap-default\">\n\t\t\t\t\t<div class=\"elementor-column elementor-col-100 elementor-top-column elementor-element elementor-element-65f655a\" data-id=\"65f655a\" data-element_type=\"column\">\n\t\t\t<div class=\"elementor-widget-wrap elementor-element-populated\">\n\t\t\t\t\t\t<div class=\"elementor-element elementor-element-0a9d91e elementor-widget elementor-widget-text-editor\" data-id=\"0a9d91e\" data-element_type=\"widget\" data-widget_type=\"text-editor.default\">\n\t\t\t\t<div class=\"elementor-widget-container\">\n\t\t\t\t\t\t\t\t\t<p style=\"text-align: right;\">Americana base mujer<\/p>\t\t\t\t\t\t\t\t<\/div>\n\t\t\t\t<\/div>\n\t\t\t\t\t<\/div>\n\t\t<\/div>\n\t\t\t\t\t<\/div>\n\t\t<\/section>\n\t\t\t\t<section class=\"elementor-section elementor-top-section elementor-element elementor-element-06a022e elementor-section-boxed elementor-section-height-default elementor-section-height-default\" data-id=\"06a022e\" data-element_type=\"section\">\n\t\t\t\t\t\t<div class=\"elementor-container elementor-column-gap-default\">\n\t\t\t\t\t<div class=\"elementor-column elementor-col-100 elementor-top-column elementor-element elementor-element-0886ef6\" data-id=\"0886ef6\" data-element_type=\"column\">\n\t\t\t<div class=\"elementor-widget-wrap elementor-element-populated\">\n\t\t\t\t\t\t<div class=\"elementor-element elementor-element-c8d89db elementor-widget elementor-widget-spacer\" data-id=\"c8d89db\" data-element_type=\"widget\" data-widget_type=\"spacer.default\">\n\t\t\t\t<div class=\"elementor-widget-container\">\n\t\t\t\t\t\t\t<div class=\"elementor-spacer\">\n\t\t\t<div class=\"elementor-spacer-inner\"><\/div>\n\t\t<\/div>\n\t\t\t\t\t\t<\/div>\n\t\t\t\t<\/div>\n\t\t\t\t\t<\/div>\n\t\t<\/div>\n\t\t\t\t\t<\/div>\n\t\t<\/section>\n\t\t\t\t<section class=\"elementor-section elementor-top-section elementor-element elementor-element-58cd42f elementor-section-boxed elementor-section-height-default elementor-section-height-default\" data-id=\"58cd42f\" data-element_type=\"section\">\n\t\t\t\t\t\t<div class=\"elementor-container elementor-column-gap-default\">\n\t\t\t\t\t<div class=\"elementor-column elementor-col-50 elementor-top-column elementor-element elementor-element-d26b508\" data-id=\"d26b508\" data-element_type=\"column\">\n\t\t\t<div class=\"elementor-widget-wrap elementor-element-populated\">\n\t\t\t\t\t\t<div class=\"elementor-element elementor-element-a97ec6d elementor-widget elementor-widget-image\" data-id=\"a97ec6d\" data-element_type=\"widget\" data-widget_type=\"image.default\">\n\t\t\t\t<div class=\"elementor-widget-container\">\n\t\t\t\t\t\t\t\t\t\t\t\t\t\t\t<img decoding=\"async\" width=\"682\" height=\"1024\" src=\"https:\/\/julstudio.estaciondiseno.es\/wp-content\/uploads\/2025\/11\/IMG_3932-682x1024.jpg\" class=\"attachment-large size-large wp-image-361\" alt=\"\" srcset=\"https:\/\/julstudio.estaciondiseno.es\/wp-content\/uploads\/2025\/11\/IMG_3932-682x1024.jpg 682w, https:\/\/julstudio.estaciondiseno.es\/wp-content\/uploads\/2025\/11\/IMG_3932-200x300.jpg 200w, https:\/\/julstudio.estaciondiseno.es\/wp-content\/uploads\/2025\/11\/IMG_3932-scaled-1024x1536.jpg 1024w, https:\/\/julstudio.estaciondiseno.es\/wp-content\/uploads\/2025\/11\/IMG_3932-scaled-1365x2048.jpg 1365w, https:\/\/julstudio.estaciondiseno.es\/wp-content\/uploads\/2025\/11\/IMG_3932-scaled.jpg 1706w\" sizes=\"100vw\" \/>\t\t\t\t\t\t\t\t\t\t\t\t\t\t\t<\/div>\n\t\t\t\t<\/div>\n\t\t\t\t\t<\/div>\n\t\t<\/div>\n\t\t\t\t<div class=\"elementor-column elementor-col-50 elementor-top-column elementor-element elementor-element-119f945\" data-id=\"119f945\" data-element_type=\"column\">\n\t\t\t<div class=\"elementor-widget-wrap elementor-element-populated\">\n\t\t\t\t\t\t<div class=\"elementor-element elementor-element-d0e428e elementor-widget__width-initial elementor-widget elementor-widget-text-editor\" data-id=\"d0e428e\" data-element_type=\"widget\" data-widget_type=\"text-editor.default\">\n\t\t\t\t<div class=\"elementor-widget-container\">\n\t\t\t\t\t\t\t\t\t<p>\u00a0<\/p><p><span class=\"a_GcMg font-feature-liga-off font-feature-clig-off font-feature-calt-off text-decoration-none text-strikethrough-none\">Este bolso est\u00e1 inspirado en la gimnasia r\u00edtmica. Su silueta circular y estructura recrea los aros utilizados para esta disciplina, mientras que la pedrer\u00eda es la usada en las mayas. Este bolso combina el deporte con la moda y la elegancia.<\/span><\/p>\t\t\t\t\t\t\t\t<\/div>\n\t\t\t\t<\/div>\n\t\t\t\t\t<\/div>\n\t\t<\/div>\n\t\t\t\t\t<\/div>\n\t\t<\/section>\n\t\t\t\t<section class=\"elementor-section elementor-top-section elementor-element elementor-element-d3cd1c1 elementor-section-boxed elementor-section-height-default elementor-section-height-default\" data-id=\"d3cd1c1\" data-element_type=\"section\">\n\t\t\t\t\t\t<div class=\"elementor-container elementor-column-gap-default\">\n\t\t\t\t\t<div class=\"elementor-column elementor-col-100 elementor-top-column elementor-element elementor-element-73f30e5\" data-id=\"73f30e5\" data-element_type=\"column\">\n\t\t\t<div class=\"elementor-widget-wrap\">\n\t\t\t\t\t\t\t<\/div>\n\t\t<\/div>\n\t\t\t\t\t<\/div>\n\t\t<\/section>\n\t\t\t\t<\/div>\n\t\t","protected":false},"excerpt":{"rendered":"<p>CONFECCI\u00d3N Americana base mujer \u00a0 Este bolso est\u00e1 inspirado en la gimnasia r\u00edtmica. Su silueta circular y estructura recrea los aros utilizados para esta disciplina, mientras que la pedrer\u00eda es la usada en las mayas. Este bolso combina el deporte con la moda y la elegancia.<\/p>\n","protected":false},"author":1,"featured_media":0,"parent":0,"menu_order":0,"comment_status":"closed","ping_status":"closed","template":"","meta":{"footnotes":""},"class_list":["post-123","page","type-page","status-publish","hentry"],"_links":{"self":[{"href":"https:\/\/julstudio.estaciondiseno.es\/index.php\/wp-json\/wp\/v2\/pages\/123","targetHints":{"allow":["GET"]}}],"collection":[{"href":"https:\/\/julstudio.estaciondiseno.es\/index.php\/wp-json\/wp\/v2\/pages"}],"about":[{"href":"https:\/\/julstudio.estaciondiseno.es\/index.php\/wp-json\/wp\/v2\/types\/page"}],"author":[{"embeddable":true,"href":"https:\/\/julstudio.estaciondiseno.es\/index.php\/wp-json\/wp\/v2\/users\/1"}],"replies":[{"embeddable":true,"href":"https:\/\/julstudio.estaciondiseno.es\/index.php\/wp-json\/wp\/v2\/comments?post=123"}],"version-history":[{"count":64,"href":"https:\/\/julstudio.estaciondiseno.es\/index.php\/wp-json\/wp\/v2\/pages\/123\/revisions"}],"predecessor-version":[{"id":700,"href":"https:\/\/julstudio.estaciondiseno.es\/index.php\/wp-json\/wp\/v2\/pages\/123\/revisions\/700"}],"wp:attachment":[{"href":"https:\/\/julstudio.estaciondiseno.es\/index.php\/wp-json\/wp\/v2\/media?parent=123"}],"curies":[{"name":"wp","href":"https:\/\/api.w.org\/{rel}","templated":true}]}}