{"id":157,"date":"2025-11-17T09:25:03","date_gmt":"2025-11-17T09:25:03","guid":{"rendered":"https:\/\/julstudio.estaciondiseno.es\/?page_id=157"},"modified":"2026-01-25T10:57:38","modified_gmt":"2026-01-25T10:57:38","slug":"vestido-preboda","status":"publish","type":"page","link":"https:\/\/julstudio.estaciondiseno.es\/index.php\/vestido-preboda\/","title":{"rendered":"PREBODA"},"content":{"rendered":"\t\t<div data-elementor-type=\"wp-page\" data-elementor-id=\"157\" class=\"elementor elementor-157\">\n\t\t\t\t\t\t<section class=\"elementor-section elementor-top-section elementor-element elementor-element-c519b34 elementor-section-boxed elementor-section-height-default elementor-section-height-default\" data-id=\"c519b34\" data-element_type=\"section\">\n\t\t\t\t\t\t<div class=\"elementor-container elementor-column-gap-default\">\n\t\t\t\t\t<div class=\"elementor-column elementor-col-100 elementor-top-column elementor-element elementor-element-09b3f81\" data-id=\"09b3f81\" data-element_type=\"column\">\n\t\t\t<div class=\"elementor-widget-wrap elementor-element-populated\">\n\t\t\t\t\t\t<div class=\"elementor-element elementor-element-0542486 animated-slow elementor-invisible elementor-widget elementor-widget-text-editor\" data-id=\"0542486\" data-element_type=\"widget\" data-settings=\"{&quot;_animation&quot;:&quot;fadeIn&quot;}\" data-widget_type=\"text-editor.default\">\n\t\t\t\t<div class=\"elementor-widget-container\">\n\t\t\t\t\t\t\t\t\t<p style=\"text-align: center;\"><span style=\"font-family: georgia, palatino; font-size: 29px;\">VESTIDO PREBODA<\/span><\/p>\t\t\t\t\t\t\t\t<\/div>\n\t\t\t\t<\/div>\n\t\t\t\t\t<\/div>\n\t\t<\/div>\n\t\t\t\t\t<\/div>\n\t\t<\/section>\n\t\t\t\t<section class=\"elementor-section elementor-top-section elementor-element elementor-element-91e1a56 elementor-section-boxed elementor-section-height-default elementor-section-height-default\" data-id=\"91e1a56\" data-element_type=\"section\">\n\t\t\t\t\t\t<div class=\"elementor-container elementor-column-gap-default\">\n\t\t\t\t\t<div class=\"elementor-column elementor-col-25 elementor-top-column elementor-element elementor-element-d12817c\" data-id=\"d12817c\" data-element_type=\"column\">\n\t\t\t<div class=\"elementor-widget-wrap\">\n\t\t\t\t\t\t\t<\/div>\n\t\t<\/div>\n\t\t\t\t<div class=\"elementor-column elementor-col-25 elementor-top-column elementor-element elementor-element-381f41b\" data-id=\"381f41b\" data-element_type=\"column\">\n\t\t\t<div class=\"elementor-widget-wrap elementor-element-populated\">\n\t\t\t\t\t\t<div class=\"elementor-element elementor-element-38f8308 elementor-widget__width-initial animated-slow elementor-invisible elementor-widget elementor-widget-image\" data-id=\"38f8308\" data-element_type=\"widget\" data-settings=\"{&quot;_animation&quot;:&quot;fadeInLeft&quot;}\" data-widget_type=\"image.default\">\n\t\t\t\t<div class=\"elementor-widget-container\">\n\t\t\t\t\t\t\t\t\t\t\t\t\t\t\t<img fetchpriority=\"high\" decoding=\"async\" width=\"813\" height=\"1024\" src=\"https:\/\/julstudio.estaciondiseno.es\/wp-content\/uploads\/2025\/11\/Captura-de-Pantalla-2025-11-17-a-las-18.36.08-813x1024.png\" class=\"attachment-large size-large wp-image-195\" alt=\"\" srcset=\"https:\/\/julstudio.estaciondiseno.es\/wp-content\/uploads\/2025\/11\/Captura-de-Pantalla-2025-11-17-a-las-18.36.08-813x1024.png 813w, https:\/\/julstudio.estaciondiseno.es\/wp-content\/uploads\/2025\/11\/Captura-de-Pantalla-2025-11-17-a-las-18.36.08-238x300.png 238w, https:\/\/julstudio.estaciondiseno.es\/wp-content\/uploads\/2025\/11\/Captura-de-Pantalla-2025-11-17-a-las-18.36.08.png 1012w\" sizes=\"100vw\" \/>\t\t\t\t\t\t\t\t\t\t\t\t\t\t\t<\/div>\n\t\t\t\t<\/div>\n\t\t\t\t\t<\/div>\n\t\t<\/div>\n\t\t\t\t<div class=\"elementor-column elementor-col-50 elementor-top-column elementor-element elementor-element-9f2c234\" data-id=\"9f2c234\" data-element_type=\"column\">\n\t\t\t<div class=\"elementor-widget-wrap elementor-element-populated\">\n\t\t\t\t\t\t<div class=\"elementor-element elementor-element-04790a9 elementor-widget__width-initial animated-slow elementor-widget-tablet__width-initial elementor-invisible elementor-widget elementor-widget-text-editor\" data-id=\"04790a9\" data-element_type=\"widget\" data-settings=\"{&quot;_animation&quot;:&quot;fadeInRight&quot;}\" data-widget_type=\"text-editor.default\">\n\t\t\t\t<div class=\"elementor-widget-container\">\n\t\t\t\t\t\t\t\t\t<p>\u00a0<\/p><p><span class=\"s1\">Este vestido fue confeccionado completamente a medida para la preboda de Mar\u00eda. Cada detalle fue dise\u00f1ado especialmente para ella, reflejando su estilo personal y resaltando su esencia. Desde la elecci\u00f3n de los tejidos hasta los acabados finales, todo el proceso se realiz\u00f3 pensando en crear una pieza que llevase su esencia.<\/span><\/p>\t\t\t\t\t\t\t\t<\/div>\n\t\t\t\t<\/div>\n\t\t\t\t\t<\/div>\n\t\t<\/div>\n\t\t\t\t\t<\/div>\n\t\t<\/section>\n\t\t\t\t<section class=\"elementor-section elementor-top-section elementor-element elementor-element-60f7928 elementor-section-boxed elementor-section-height-default elementor-section-height-default\" data-id=\"60f7928\" data-element_type=\"section\">\n\t\t\t\t\t\t<div class=\"elementor-container elementor-column-gap-default\">\n\t\t\t\t\t<div class=\"elementor-column elementor-col-100 elementor-top-column elementor-element elementor-element-0e5da3b\" data-id=\"0e5da3b\" data-element_type=\"column\">\n\t\t\t<div class=\"elementor-widget-wrap elementor-element-populated\">\n\t\t\t\t\t\t<div class=\"elementor-element elementor-element-8a3590a elementor-widget elementor-widget-spacer\" data-id=\"8a3590a\" data-element_type=\"widget\" data-widget_type=\"spacer.default\">\n\t\t\t\t<div class=\"elementor-widget-container\">\n\t\t\t\t\t\t\t<div class=\"elementor-spacer\">\n\t\t\t<div class=\"elementor-spacer-inner\"><\/div>\n\t\t<\/div>\n\t\t\t\t\t\t<\/div>\n\t\t\t\t<\/div>\n\t\t\t\t\t<\/div>\n\t\t<\/div>\n\t\t\t\t\t<\/div>\n\t\t<\/section>\n\t\t\t\t<section class=\"elementor-section elementor-top-section elementor-element elementor-element-057f5ae elementor-section-boxed elementor-section-height-default elementor-section-height-default\" data-id=\"057f5ae\" data-element_type=\"section\">\n\t\t\t\t\t\t<div class=\"elementor-container elementor-column-gap-default\">\n\t\t\t\t\t<div class=\"elementor-column elementor-col-33 elementor-top-column elementor-element elementor-element-feaf0b8\" data-id=\"feaf0b8\" data-element_type=\"column\">\n\t\t\t<div class=\"elementor-widget-wrap elementor-element-populated\">\n\t\t\t\t\t\t<div class=\"elementor-element elementor-element-c3c9acd animated-slow elementor-invisible elementor-widget elementor-widget-image\" data-id=\"c3c9acd\" data-element_type=\"widget\" data-settings=\"{&quot;_animation&quot;:&quot;fadeInUp&quot;}\" data-widget_type=\"image.default\">\n\t\t\t\t<div class=\"elementor-widget-container\">\n\t\t\t\t\t\t\t\t\t\t\t\t\t\t\t<img decoding=\"async\" width=\"683\" height=\"1024\" src=\"https:\/\/julstudio.estaciondiseno.es\/wp-content\/uploads\/2025\/11\/4AC62337-01C5-450C-BFA0-38BD5A3DD0AA-2-683x1024.jpg\" class=\"attachment-large size-large wp-image-201\" alt=\"\" srcset=\"https:\/\/julstudio.estaciondiseno.es\/wp-content\/uploads\/2025\/11\/4AC62337-01C5-450C-BFA0-38BD5A3DD0AA-2-683x1024.jpg 683w, https:\/\/julstudio.estaciondiseno.es\/wp-content\/uploads\/2025\/11\/4AC62337-01C5-450C-BFA0-38BD5A3DD0AA-2-200x300.jpg 200w, https:\/\/julstudio.estaciondiseno.es\/wp-content\/uploads\/2025\/11\/4AC62337-01C5-450C-BFA0-38BD5A3DD0AA-2-scaled-1024x1536.jpg 1024w, https:\/\/julstudio.estaciondiseno.es\/wp-content\/uploads\/2025\/11\/4AC62337-01C5-450C-BFA0-38BD5A3DD0AA-2-scaled-1365x2048.jpg 1365w, https:\/\/julstudio.estaciondiseno.es\/wp-content\/uploads\/2025\/11\/4AC62337-01C5-450C-BFA0-38BD5A3DD0AA-2-scaled.jpg 1706w\" sizes=\"100vw\" \/>\t\t\t\t\t\t\t\t\t\t\t\t\t\t\t<\/div>\n\t\t\t\t<\/div>\n\t\t\t\t\t<\/div>\n\t\t<\/div>\n\t\t\t\t<div class=\"elementor-column elementor-col-33 elementor-top-column elementor-element elementor-element-084db96\" data-id=\"084db96\" data-element_type=\"column\">\n\t\t\t<div class=\"elementor-widget-wrap elementor-element-populated\">\n\t\t\t\t\t\t<div class=\"elementor-element elementor-element-9f681fe animated-slow elementor-invisible elementor-widget elementor-widget-image\" data-id=\"9f681fe\" data-element_type=\"widget\" data-settings=\"{&quot;_animation&quot;:&quot;fadeInUp&quot;}\" data-widget_type=\"image.default\">\n\t\t\t\t<div class=\"elementor-widget-container\">\n\t\t\t\t\t\t\t\t\t\t\t\t\t\t\t<img decoding=\"async\" width=\"683\" height=\"1024\" src=\"https:\/\/julstudio.estaciondiseno.es\/wp-content\/uploads\/2025\/11\/3D8F08D1-F482-4C8B-AC85-A4A4813F37EB-2-1-683x1024.jpeg\" class=\"attachment-large size-large wp-image-200\" alt=\"\" srcset=\"https:\/\/julstudio.estaciondiseno.es\/wp-content\/uploads\/2025\/11\/3D8F08D1-F482-4C8B-AC85-A4A4813F37EB-2-1-683x1024.jpeg 683w, https:\/\/julstudio.estaciondiseno.es\/wp-content\/uploads\/2025\/11\/3D8F08D1-F482-4C8B-AC85-A4A4813F37EB-2-1-200x300.jpeg 200w, https:\/\/julstudio.estaciondiseno.es\/wp-content\/uploads\/2025\/11\/3D8F08D1-F482-4C8B-AC85-A4A4813F37EB-2-1-scaled-1024x1536.jpeg 1024w, https:\/\/julstudio.estaciondiseno.es\/wp-content\/uploads\/2025\/11\/3D8F08D1-F482-4C8B-AC85-A4A4813F37EB-2-1-scaled-1366x2048.jpeg 1366w, https:\/\/julstudio.estaciondiseno.es\/wp-content\/uploads\/2025\/11\/3D8F08D1-F482-4C8B-AC85-A4A4813F37EB-2-1-scaled.jpeg 1707w\" sizes=\"100vw\" \/>\t\t\t\t\t\t\t\t\t\t\t\t\t\t\t<\/div>\n\t\t\t\t<\/div>\n\t\t\t\t\t<\/div>\n\t\t<\/div>\n\t\t\t\t<div class=\"elementor-column elementor-col-33 elementor-top-column elementor-element elementor-element-aa06404\" data-id=\"aa06404\" data-element_type=\"column\">\n\t\t\t<div class=\"elementor-widget-wrap elementor-element-populated\">\n\t\t\t\t\t\t<div class=\"elementor-element elementor-element-645b82e animated-slow elementor-invisible elementor-widget elementor-widget-image\" data-id=\"645b82e\" data-element_type=\"widget\" data-settings=\"{&quot;_animation&quot;:&quot;fadeInUp&quot;}\" data-widget_type=\"image.default\">\n\t\t\t\t<div class=\"elementor-widget-container\">\n\t\t\t\t\t\t\t\t\t\t\t\t\t\t\t<img loading=\"lazy\" decoding=\"async\" width=\"683\" height=\"1024\" src=\"https:\/\/julstudio.estaciondiseno.es\/wp-content\/uploads\/2025\/11\/B364E100-7AE0-4226-A30D-0F514FA66DFB-2-683x1024.jpg\" class=\"attachment-large size-large wp-image-138\" alt=\"\" srcset=\"https:\/\/julstudio.estaciondiseno.es\/wp-content\/uploads\/2025\/11\/B364E100-7AE0-4226-A30D-0F514FA66DFB-2-683x1024.jpg 683w, https:\/\/julstudio.estaciondiseno.es\/wp-content\/uploads\/2025\/11\/B364E100-7AE0-4226-A30D-0F514FA66DFB-2-200x300.jpg 200w, https:\/\/julstudio.estaciondiseno.es\/wp-content\/uploads\/2025\/11\/B364E100-7AE0-4226-A30D-0F514FA66DFB-2-scaled-1366x2048.jpg 1366w, https:\/\/julstudio.estaciondiseno.es\/wp-content\/uploads\/2025\/11\/B364E100-7AE0-4226-A30D-0F514FA66DFB-2-scaled-1024x1536.jpg 1024w, https:\/\/julstudio.estaciondiseno.es\/wp-content\/uploads\/2025\/11\/B364E100-7AE0-4226-A30D-0F514FA66DFB-2-scaled.jpg 1707w\" sizes=\"100vw\" \/>\t\t\t\t\t\t\t\t\t\t\t\t\t\t\t<\/div>\n\t\t\t\t<\/div>\n\t\t\t\t\t<\/div>\n\t\t<\/div>\n\t\t\t\t\t<\/div>\n\t\t<\/section>\n\t\t\t\t<section class=\"elementor-section elementor-top-section elementor-element elementor-element-ab3e12c elementor-section-boxed elementor-section-height-default elementor-section-height-default\" data-id=\"ab3e12c\" data-element_type=\"section\">\n\t\t\t\t\t\t<div class=\"elementor-container elementor-column-gap-default\">\n\t\t\t\t\t<div class=\"elementor-column elementor-col-100 elementor-top-column elementor-element elementor-element-ed9ba27\" data-id=\"ed9ba27\" data-element_type=\"column\">\n\t\t\t<div class=\"elementor-widget-wrap elementor-element-populated\">\n\t\t\t\t\t\t<div class=\"elementor-element elementor-element-c33f504 elementor-widget elementor-widget-spacer\" data-id=\"c33f504\" data-element_type=\"widget\" data-widget_type=\"spacer.default\">\n\t\t\t\t<div class=\"elementor-widget-container\">\n\t\t\t\t\t\t\t<div class=\"elementor-spacer\">\n\t\t\t<div class=\"elementor-spacer-inner\"><\/div>\n\t\t<\/div>\n\t\t\t\t\t\t<\/div>\n\t\t\t\t<\/div>\n\t\t\t\t\t<\/div>\n\t\t<\/div>\n\t\t\t\t\t<\/div>\n\t\t<\/section>\n\t\t\t\t<\/div>\n\t\t","protected":false},"excerpt":{"rendered":"<p>VESTIDO PREBODA \u00a0 Este vestido fue confeccionado completamente a medida para la preboda de Mar\u00eda. Cada detalle fue dise\u00f1ado especialmente para ella, reflejando su estilo personal y resaltando su esencia. Desde la elecci\u00f3n de los tejidos hasta los acabados finales, todo el proceso se realiz\u00f3 pensando en crear una pieza que llevase su esencia.<\/p>\n","protected":false},"author":1,"featured_media":0,"parent":0,"menu_order":0,"comment_status":"closed","ping_status":"closed","template":"","meta":{"footnotes":""},"class_list":["post-157","page","type-page","status-publish","hentry"],"_links":{"self":[{"href":"https:\/\/julstudio.estaciondiseno.es\/index.php\/wp-json\/wp\/v2\/pages\/157","targetHints":{"allow":["GET"]}}],"collection":[{"href":"https:\/\/julstudio.estaciondiseno.es\/index.php\/wp-json\/wp\/v2\/pages"}],"about":[{"href":"https:\/\/julstudio.estaciondiseno.es\/index.php\/wp-json\/wp\/v2\/types\/page"}],"author":[{"embeddable":true,"href":"https:\/\/julstudio.estaciondiseno.es\/index.php\/wp-json\/wp\/v2\/users\/1"}],"replies":[{"embeddable":true,"href":"https:\/\/julstudio.estaciondiseno.es\/index.php\/wp-json\/wp\/v2\/comments?post=157"}],"version-history":[{"count":71,"href":"https:\/\/julstudio.estaciondiseno.es\/index.php\/wp-json\/wp\/v2\/pages\/157\/revisions"}],"predecessor-version":[{"id":672,"href":"https:\/\/julstudio.estaciondiseno.es\/index.php\/wp-json\/wp\/v2\/pages\/157\/revisions\/672"}],"wp:attachment":[{"href":"https:\/\/julstudio.estaciondiseno.es\/index.php\/wp-json\/wp\/v2\/media?parent=157"}],"curies":[{"name":"wp","href":"https:\/\/api.w.org\/{rel}","templated":true}]}}