{"id":16,"date":"2025-10-20T07:12:42","date_gmt":"2025-10-20T07:12:42","guid":{"rendered":"https:\/\/julstudio.estaciondiseno.es\/?page_id=16"},"modified":"2026-01-25T11:23:25","modified_gmt":"2026-01-25T11:23:25","slug":"sobre-mi","status":"publish","type":"page","link":"https:\/\/julstudio.estaciondiseno.es\/index.php\/sobre-mi\/","title":{"rendered":"JULS"},"content":{"rendered":"\t\t<div data-elementor-type=\"wp-page\" data-elementor-id=\"16\" class=\"elementor elementor-16\">\n\t\t\t\t\t\t<section class=\"elementor-section elementor-top-section elementor-element elementor-element-9f78477 elementor-section-boxed elementor-section-height-default elementor-section-height-default\" data-id=\"9f78477\" data-element_type=\"section\">\n\t\t\t\t\t\t<div class=\"elementor-container elementor-column-gap-default\">\n\t\t\t\t\t<div class=\"elementor-column elementor-col-100 elementor-top-column elementor-element elementor-element-15b1e86\" data-id=\"15b1e86\" data-element_type=\"column\">\n\t\t\t<div class=\"elementor-widget-wrap elementor-element-populated\">\n\t\t\t\t\t\t<div class=\"elementor-element elementor-element-acd35bc elementor-widget elementor-widget-image\" data-id=\"acd35bc\" data-element_type=\"widget\" data-widget_type=\"image.default\">\n\t\t\t\t<div class=\"elementor-widget-container\">\n\t\t\t\t\t\t\t\t\t\t\t\t\t\t\t<img decoding=\"async\" src=\"https:\/\/julstudio.estaciondiseno.es\/wp-content\/uploads\/2026\/01\/Julsburdeos.pdf\" title=\"\" alt=\"\" loading=\"lazy\" \/>\t\t\t\t\t\t\t\t\t\t\t\t\t\t\t<\/div>\n\t\t\t\t<\/div>\n\t\t\t\t\t<\/div>\n\t\t<\/div>\n\t\t\t\t\t<\/div>\n\t\t<\/section>\n\t\t\t\t<section class=\"elementor-section elementor-top-section elementor-element elementor-element-92aa079 elementor-section-boxed elementor-section-height-default elementor-section-height-default\" data-id=\"92aa079\" data-element_type=\"section\">\n\t\t\t\t\t\t<div class=\"elementor-container elementor-column-gap-default\">\n\t\t\t\t\t<div class=\"elementor-column elementor-col-100 elementor-top-column elementor-element elementor-element-c42a2db\" data-id=\"c42a2db\" data-element_type=\"column\">\n\t\t\t<div class=\"elementor-widget-wrap elementor-element-populated\">\n\t\t\t\t\t\t<div class=\"elementor-element elementor-element-8c4547b animated-slow elementor-invisible elementor-widget elementor-widget-text-editor\" data-id=\"8c4547b\" data-element_type=\"widget\" data-settings=\"{&quot;_animation&quot;:&quot;fadeIn&quot;}\" data-widget_type=\"text-editor.default\">\n\t\t\t\t<div class=\"elementor-widget-container\">\n\t\t\t\t\t\t\t\t\t<p>Juls es una marca creada para mujeres que disfrutan de la elegancia sin miedo a la\u00a0intensidad, combinando l\u00edneas limpias con detalles que llaman la atenci\u00f3n. Cada pieza de Juls est\u00e1 pensada para resaltar, para aportar presencia y para\u00a0elevar cualquier look con ese toque distintivo y sofisticado que define a la marca.\u00a0En Juls creemos en la belleza de lo elaborado, en la armon\u00eda entre lo simple y lo\u00a0llamativo. Nuestras prendas no buscan pasar\u00a0desapercibidas: buscan expresar qui\u00e9n eres.<\/p>\t\t\t\t\t\t\t\t<\/div>\n\t\t\t\t<\/div>\n\t\t\t\t\t<\/div>\n\t\t<\/div>\n\t\t\t\t\t<\/div>\n\t\t<\/section>\n\t\t\t\t<section class=\"elementor-section elementor-top-section elementor-element elementor-element-77c7d07 elementor-section-boxed elementor-section-height-default elementor-section-height-default\" data-id=\"77c7d07\" data-element_type=\"section\">\n\t\t\t\t\t\t<div class=\"elementor-container elementor-column-gap-default\">\n\t\t\t\t\t<div class=\"elementor-column elementor-col-100 elementor-top-column elementor-element elementor-element-b601046\" data-id=\"b601046\" data-element_type=\"column\">\n\t\t\t<div class=\"elementor-widget-wrap elementor-element-populated\">\n\t\t\t\t\t\t<div class=\"elementor-element elementor-element-24a2e03 elementor-widget elementor-widget-spacer\" data-id=\"24a2e03\" data-element_type=\"widget\" data-widget_type=\"spacer.default\">\n\t\t\t\t<div class=\"elementor-widget-container\">\n\t\t\t\t\t\t\t<div class=\"elementor-spacer\">\n\t\t\t<div class=\"elementor-spacer-inner\"><\/div>\n\t\t<\/div>\n\t\t\t\t\t\t<\/div>\n\t\t\t\t<\/div>\n\t\t\t\t\t<\/div>\n\t\t<\/div>\n\t\t\t\t\t<\/div>\n\t\t<\/section>\n\t\t\t\t<section class=\"elementor-section elementor-top-section elementor-element elementor-element-020d876 elementor-section-boxed elementor-section-height-default elementor-section-height-default\" data-id=\"020d876\" data-element_type=\"section\">\n\t\t\t\t\t\t<div class=\"elementor-container elementor-column-gap-default\">\n\t\t\t\t\t<div class=\"elementor-column elementor-col-33 elementor-top-column elementor-element elementor-element-e72bd71\" data-id=\"e72bd71\" data-element_type=\"column\">\n\t\t\t<div class=\"elementor-widget-wrap elementor-element-populated\">\n\t\t\t\t\t\t<div class=\"elementor-element elementor-element-5576701 animated-slow elementor-invisible elementor-widget elementor-widget-image\" data-id=\"5576701\" data-element_type=\"widget\" data-settings=\"{&quot;_animation&quot;:&quot;fadeInLeft&quot;}\" data-widget_type=\"image.default\">\n\t\t\t\t<div class=\"elementor-widget-container\">\n\t\t\t\t\t\t\t\t\t\t\t\t\t\t\t<img fetchpriority=\"high\" decoding=\"async\" width=\"683\" height=\"1024\" src=\"https:\/\/julstudio.estaciondiseno.es\/wp-content\/uploads\/2025\/12\/468D945F-21D6-4573-8D51-EF9CFCDB49D9-683x1024.jpeg\" class=\"attachment-large size-large wp-image-470\" alt=\"\" srcset=\"https:\/\/julstudio.estaciondiseno.es\/wp-content\/uploads\/2025\/12\/468D945F-21D6-4573-8D51-EF9CFCDB49D9-683x1024.jpeg 683w, https:\/\/julstudio.estaciondiseno.es\/wp-content\/uploads\/2025\/12\/468D945F-21D6-4573-8D51-EF9CFCDB49D9-200x300.jpeg 200w, https:\/\/julstudio.estaciondiseno.es\/wp-content\/uploads\/2025\/12\/468D945F-21D6-4573-8D51-EF9CFCDB49D9-scaled-1024x1536.jpeg 1024w, https:\/\/julstudio.estaciondiseno.es\/wp-content\/uploads\/2025\/12\/468D945F-21D6-4573-8D51-EF9CFCDB49D9-scaled-1366x2048.jpeg 1366w, https:\/\/julstudio.estaciondiseno.es\/wp-content\/uploads\/2025\/12\/468D945F-21D6-4573-8D51-EF9CFCDB49D9-scaled.jpeg 1707w\" sizes=\"100vw\" \/>\t\t\t\t\t\t\t\t\t\t\t\t\t\t\t<\/div>\n\t\t\t\t<\/div>\n\t\t\t\t\t<\/div>\n\t\t<\/div>\n\t\t\t\t<div class=\"elementor-column elementor-col-66 elementor-top-column elementor-element elementor-element-92476df\" data-id=\"92476df\" data-element_type=\"column\">\n\t\t\t<div class=\"elementor-widget-wrap elementor-element-populated\">\n\t\t\t\t\t\t<div class=\"elementor-element elementor-element-6d66507 animated-slow elementor-invisible elementor-widget elementor-widget-text-editor\" data-id=\"6d66507\" data-element_type=\"widget\" data-settings=\"{&quot;_animation&quot;:&quot;fadeIn&quot;}\" data-widget_type=\"text-editor.default\">\n\t\t\t\t<div class=\"elementor-widget-container\">\n\t\t\t\t\t\t\t\t\t<p>Soy Julia Ramos la cara detr\u00e1s de Juls. Si tuviera que definir mi estilo en dos palabras, ser\u00edan: limpieza y detalle. Me encanta trabajar con siluetas sencillas y cortes limpios, pero reconozco que tengo una debilidad por la pedrer\u00eda. Creo que se puede ir elegante sin ir aburrida, y que un buen detalle lo cambia todo.<\/p>\t\t\t\t\t\t\t\t<\/div>\n\t\t\t\t<\/div>\n\t\t\t\t\t<\/div>\n\t\t<\/div>\n\t\t\t\t\t<\/div>\n\t\t<\/section>\n\t\t\t\t<section class=\"elementor-section elementor-top-section elementor-element elementor-element-f10fa60 elementor-section-boxed elementor-section-height-default elementor-section-height-default\" data-id=\"f10fa60\" data-element_type=\"section\">\n\t\t\t\t\t\t<div class=\"elementor-container elementor-column-gap-default\">\n\t\t\t\t\t<div class=\"elementor-column elementor-col-100 elementor-top-column elementor-element elementor-element-4aed559\" data-id=\"4aed559\" data-element_type=\"column\">\n\t\t\t<div class=\"elementor-widget-wrap elementor-element-populated\">\n\t\t\t\t\t\t<div class=\"elementor-element elementor-element-ebf21a9 elementor-widget elementor-widget-spacer\" data-id=\"ebf21a9\" data-element_type=\"widget\" data-widget_type=\"spacer.default\">\n\t\t\t\t<div class=\"elementor-widget-container\">\n\t\t\t\t\t\t\t<div class=\"elementor-spacer\">\n\t\t\t<div class=\"elementor-spacer-inner\"><\/div>\n\t\t<\/div>\n\t\t\t\t\t\t<\/div>\n\t\t\t\t<\/div>\n\t\t\t\t\t<\/div>\n\t\t<\/div>\n\t\t\t\t\t<\/div>\n\t\t<\/section>\n\t\t\t\t<\/div>\n\t\t","protected":false},"excerpt":{"rendered":"<p>Juls es una marca creada para mujeres que disfrutan de la elegancia sin miedo a la\u00a0intensidad, combinando l\u00edneas limpias con detalles que llaman la atenci\u00f3n. Cada pieza de Juls est\u00e1 pensada para resaltar, para aportar presencia y para\u00a0elevar cualquier look con ese toque distintivo y sofisticado que define a la marca.\u00a0En Juls creemos en la &hellip; <\/p>\n<p class=\"link-more\"><a href=\"https:\/\/julstudio.estaciondiseno.es\/index.php\/sobre-mi\/\" class=\"more-link\">Leer m\u00e1s<span class=\"screen-reader-text\"> \u00abJULS\u00bb<\/span><\/a><\/p>\n","protected":false},"author":1,"featured_media":0,"parent":0,"menu_order":0,"comment_status":"closed","ping_status":"closed","template":"","meta":{"footnotes":""},"class_list":["post-16","page","type-page","status-publish","hentry"],"_links":{"self":[{"href":"https:\/\/julstudio.estaciondiseno.es\/index.php\/wp-json\/wp\/v2\/pages\/16","targetHints":{"allow":["GET"]}}],"collection":[{"href":"https:\/\/julstudio.estaciondiseno.es\/index.php\/wp-json\/wp\/v2\/pages"}],"about":[{"href":"https:\/\/julstudio.estaciondiseno.es\/index.php\/wp-json\/wp\/v2\/types\/page"}],"author":[{"embeddable":true,"href":"https:\/\/julstudio.estaciondiseno.es\/index.php\/wp-json\/wp\/v2\/users\/1"}],"replies":[{"embeddable":true,"href":"https:\/\/julstudio.estaciondiseno.es\/index.php\/wp-json\/wp\/v2\/comments?post=16"}],"version-history":[{"count":58,"href":"https:\/\/julstudio.estaciondiseno.es\/index.php\/wp-json\/wp\/v2\/pages\/16\/revisions"}],"predecessor-version":[{"id":688,"href":"https:\/\/julstudio.estaciondiseno.es\/index.php\/wp-json\/wp\/v2\/pages\/16\/revisions\/688"}],"wp:attachment":[{"href":"https:\/\/julstudio.estaciondiseno.es\/index.php\/wp-json\/wp\/v2\/media?parent=16"}],"curies":[{"name":"wp","href":"https:\/\/api.w.org\/{rel}","templated":true}]}}