{"id":32,"date":"2025-10-20T07:50:50","date_gmt":"2025-10-20T07:50:50","guid":{"rendered":"https:\/\/julstudio.estaciondiseno.es\/?page_id=32"},"modified":"2026-01-25T11:12:04","modified_gmt":"2026-01-25T11:12:04","slug":"inicio","status":"publish","type":"page","link":"https:\/\/julstudio.estaciondiseno.es\/","title":{"rendered":"INICIO"},"content":{"rendered":"\t\t<div data-elementor-type=\"wp-page\" data-elementor-id=\"32\" class=\"elementor elementor-32\">\n\t\t\t\t\t\t<section class=\"elementor-section elementor-top-section elementor-element elementor-element-c1ac637 elementor-section-boxed elementor-section-height-default elementor-section-height-default\" data-id=\"c1ac637\" data-element_type=\"section\">\n\t\t\t\t\t\t<div class=\"elementor-container elementor-column-gap-default\">\n\t\t\t\t\t<div class=\"elementor-column elementor-col-100 elementor-top-column elementor-element elementor-element-62e13fa\" data-id=\"62e13fa\" data-element_type=\"column\">\n\t\t\t<div class=\"elementor-widget-wrap elementor-element-populated\">\n\t\t\t\t\t\t<div class=\"elementor-element elementor-element-9ad1f7e elementor-widget elementor-widget-image\" data-id=\"9ad1f7e\" data-element_type=\"widget\" data-widget_type=\"image.default\">\n\t\t\t\t<div class=\"elementor-widget-container\">\n\t\t\t\t\t\t\t\t\t\t\t\t\t\t\t<img decoding=\"async\" src=\"https:\/\/julstudio.estaciondiseno.es\/wp-content\/uploads\/2026\/01\/Juls.pdf\" title=\"\" alt=\"\" loading=\"lazy\" \/>\t\t\t\t\t\t\t\t\t\t\t\t\t\t\t<\/div>\n\t\t\t\t<\/div>\n\t\t\t\t\t<\/div>\n\t\t<\/div>\n\t\t\t\t\t<\/div>\n\t\t<\/section>\n\t\t\t\t<section class=\"elementor-section elementor-top-section elementor-element elementor-element-fb1ab39 elementor-section-boxed elementor-section-height-default elementor-section-height-default\" data-id=\"fb1ab39\" data-element_type=\"section\">\n\t\t\t\t\t\t<div class=\"elementor-container elementor-column-gap-default\">\n\t\t\t\t\t<div class=\"elementor-column elementor-col-100 elementor-top-column elementor-element elementor-element-1cb587e\" data-id=\"1cb587e\" data-element_type=\"column\">\n\t\t\t<div class=\"elementor-widget-wrap elementor-element-populated\">\n\t\t\t\t\t\t<div class=\"elementor-element elementor-element-359dd6d animated-fast elementor-invisible elementor-widget elementor-widget-text-editor\" data-id=\"359dd6d\" data-element_type=\"widget\" data-settings=\"{&quot;_animation&quot;:&quot;fadeIn&quot;}\" data-widget_type=\"text-editor.default\">\n\t\t\t\t<div class=\"elementor-widget-container\">\n\t\t\t\t\t\t\t\t\t<p><span style=\"font-family: 'times new roman', times;\">El arte de destacar<\/span><\/p>\t\t\t\t\t\t\t\t<\/div>\n\t\t\t\t<\/div>\n\t\t\t\t\t<\/div>\n\t\t<\/div>\n\t\t\t\t\t<\/div>\n\t\t<\/section>\n\t\t\t\t<section class=\"elementor-section elementor-top-section elementor-element elementor-element-58cb763 elementor-section-boxed elementor-section-height-default elementor-section-height-default\" data-id=\"58cb763\" data-element_type=\"section\">\n\t\t\t\t\t\t<div class=\"elementor-container elementor-column-gap-default\">\n\t\t\t\t\t<div class=\"elementor-column elementor-col-100 elementor-top-column elementor-element elementor-element-ce2db79\" data-id=\"ce2db79\" data-element_type=\"column\">\n\t\t\t<div class=\"elementor-widget-wrap elementor-element-populated\">\n\t\t\t\t\t\t<div class=\"elementor-element elementor-element-fd646a5 animated-slow elementor-arrows-position-inside elementor-pagination-position-outside elementor-invisible elementor-widget elementor-widget-image-carousel\" data-id=\"fd646a5\" data-element_type=\"widget\" data-settings=\"{&quot;_animation&quot;:&quot;fadeInUp&quot;,&quot;navigation&quot;:&quot;both&quot;,&quot;autoplay&quot;:&quot;yes&quot;,&quot;pause_on_hover&quot;:&quot;yes&quot;,&quot;pause_on_interaction&quot;:&quot;yes&quot;,&quot;autoplay_speed&quot;:5000,&quot;infinite&quot;:&quot;yes&quot;,&quot;speed&quot;:500}\" data-widget_type=\"image-carousel.default\">\n\t\t\t\t<div class=\"elementor-widget-container\">\n\t\t\t\t\t\t\t<div class=\"elementor-image-carousel-wrapper swiper\" role=\"region\" aria-roledescription=\"carousel\" aria-label=\"Carrusel de im\u00e1genes\" dir=\"ltr\">\n\t\t\t<div class=\"elementor-image-carousel swiper-wrapper\" aria-live=\"off\">\n\t\t\t\t\t\t\t\t<div class=\"swiper-slide\" role=\"group\" aria-roledescription=\"slide\" aria-label=\"1 de 7\"><figure class=\"swiper-slide-inner\"><img decoding=\"async\" class=\"swiper-slide-image\" src=\"https:\/\/julstudio.estaciondiseno.es\/wp-content\/uploads\/2025\/10\/9BC5D3A2-2671-49D5-86F6-C4E203AF74E0-3-1024x1536.jpg\" alt=\"9BC5D3A2-2671-49D5-86F6-C4E203AF74E0 3\" \/><\/figure><\/div><div class=\"swiper-slide\" role=\"group\" aria-roledescription=\"slide\" aria-label=\"2 de 7\"><figure class=\"swiper-slide-inner\"><img decoding=\"async\" class=\"swiper-slide-image\" src=\"https:\/\/julstudio.estaciondiseno.es\/wp-content\/uploads\/2025\/10\/04664F6E-2E5F-4709-B788-9A8C3C43DE3D-2-1024x1536.jpg\" alt=\"04664F6E-2E5F-4709-B788-9A8C3C43DE3D 2\" \/><\/figure><\/div><div class=\"swiper-slide\" role=\"group\" aria-roledescription=\"slide\" aria-label=\"3 de 7\"><figure class=\"swiper-slide-inner\"><img decoding=\"async\" class=\"swiper-slide-image\" src=\"https:\/\/julstudio.estaciondiseno.es\/wp-content\/uploads\/2025\/10\/DAEC48F4-9370-486A-9C16-B087AD5EB10A-2-1024x1536.jpg\" alt=\"DAEC48F4-9370-486A-9C16-B087AD5EB10A 2\" \/><\/figure><\/div><div class=\"swiper-slide\" role=\"group\" aria-roledescription=\"slide\" aria-label=\"4 de 7\"><figure class=\"swiper-slide-inner\"><img decoding=\"async\" class=\"swiper-slide-image\" src=\"https:\/\/julstudio.estaciondiseno.es\/wp-content\/uploads\/2025\/10\/7CA1F852-4CDB-4E7F-9875-6E52C6C4A83A-2-1024x1536.jpeg\" alt=\"7CA1F852-4CDB-4E7F-9875-6E52C6C4A83A 2\" \/><\/figure><\/div><div class=\"swiper-slide\" role=\"group\" aria-roledescription=\"slide\" aria-label=\"5 de 7\"><figure class=\"swiper-slide-inner\"><img decoding=\"async\" class=\"swiper-slide-image\" src=\"https:\/\/julstudio.estaciondiseno.es\/wp-content\/uploads\/2025\/11\/PHOTO-2025-10-02-13-43-56-2-1025x1536.jpg\" alt=\"PHOTO-2025-10-02-13-43-56 2\" \/><\/figure><\/div><div class=\"swiper-slide\" role=\"group\" aria-roledescription=\"slide\" aria-label=\"6 de 7\"><figure class=\"swiper-slide-inner\"><img decoding=\"async\" class=\"swiper-slide-image\" src=\"https:\/\/julstudio.estaciondiseno.es\/wp-content\/uploads\/2025\/11\/3D8F08D1-F482-4C8B-AC85-A4A4813F37EB-2-1-scaled-1024x1536.jpeg\" alt=\"3D8F08D1-F482-4C8B-AC85-A4A4813F37EB 2\" \/><\/figure><\/div><div class=\"swiper-slide\" role=\"group\" aria-roledescription=\"slide\" aria-label=\"7 de 7\"><figure class=\"swiper-slide-inner\"><img decoding=\"async\" class=\"swiper-slide-image\" src=\"https:\/\/julstudio.estaciondiseno.es\/wp-content\/uploads\/2025\/11\/IMG_3932-scaled-1024x1536.jpg\" alt=\"IMG_3932\" \/><\/figure><\/div>\t\t\t<\/div>\n\t\t\t\t\t\t\t\t\t\t\t\t<div class=\"elementor-swiper-button elementor-swiper-button-prev\" role=\"button\" tabindex=\"0\">\n\t\t\t\t\t\t<i aria-hidden=\"true\" class=\"eicon-chevron-left\"><\/i>\t\t\t\t\t<\/div>\n\t\t\t\t\t<div class=\"elementor-swiper-button elementor-swiper-button-next\" role=\"button\" tabindex=\"0\">\n\t\t\t\t\t\t<i aria-hidden=\"true\" class=\"eicon-chevron-right\"><\/i>\t\t\t\t\t<\/div>\n\t\t\t\t\n\t\t\t\t\t\t\t\t\t<div class=\"swiper-pagination\"><\/div>\n\t\t\t\t\t\t\t\t\t<\/div>\n\t\t\t\t\t\t<\/div>\n\t\t\t\t<\/div>\n\t\t\t\t\t<\/div>\n\t\t<\/div>\n\t\t\t\t\t<\/div>\n\t\t<\/section>\n\t\t\t\t<section class=\"elementor-section elementor-top-section elementor-element elementor-element-4ace090 elementor-section-boxed elementor-section-height-default elementor-section-height-default\" data-id=\"4ace090\" data-element_type=\"section\">\n\t\t\t\t\t\t<div class=\"elementor-container elementor-column-gap-default\">\n\t\t\t\t\t<div class=\"elementor-column elementor-col-100 elementor-top-column elementor-element elementor-element-6d82ed5\" data-id=\"6d82ed5\" data-element_type=\"column\">\n\t\t\t<div class=\"elementor-widget-wrap elementor-element-populated\">\n\t\t\t\t\t\t<div class=\"elementor-element elementor-element-663d450 animated-slow elementor-invisible elementor-widget elementor-widget-text-editor\" data-id=\"663d450\" data-element_type=\"widget\" data-settings=\"{&quot;_animation&quot;:&quot;fadeIn&quot;}\" data-widget_type=\"text-editor.default\">\n\t\t\t\t<div class=\"elementor-widget-container\">\n\t\t\t\t\t\t\t\t\t<p><span style=\"font-family: georgia, palatino;\">Juls se especializa en confeccionar piezas que destacan por su arquitectura: l\u00edneas limpias\u00a0y cortes precisos que buscan la armon\u00eda en la silueta. Sin embargo, lo que realmente define su identidad es el uso de pedrer\u00eda y la experimentaci\u00f3n con las estructuras. Cada prenda es un juego de contrastes donde la simplicidad del patr\u00f3n se encuentra con la riqueza del detalle artesanal, logrando un estilo atrevido y elegante.<\/span><\/p>\t\t\t\t\t\t\t\t<\/div>\n\t\t\t\t<\/div>\n\t\t\t\t\t<\/div>\n\t\t<\/div>\n\t\t\t\t\t<\/div>\n\t\t<\/section>\n\t\t\t\t<section class=\"elementor-section elementor-top-section elementor-element elementor-element-8109a78 elementor-section-boxed elementor-section-height-default elementor-section-height-default\" data-id=\"8109a78\" data-element_type=\"section\">\n\t\t\t\t\t\t<div class=\"elementor-container elementor-column-gap-default\">\n\t\t\t\t\t<div class=\"elementor-column elementor-col-100 elementor-top-column elementor-element elementor-element-d35d637\" data-id=\"d35d637\" data-element_type=\"column\">\n\t\t\t<div class=\"elementor-widget-wrap elementor-element-populated\">\n\t\t\t\t\t\t<div class=\"elementor-element elementor-element-48c699d elementor-widget elementor-widget-spacer\" data-id=\"48c699d\" data-element_type=\"widget\" data-widget_type=\"spacer.default\">\n\t\t\t\t<div class=\"elementor-widget-container\">\n\t\t\t\t\t\t\t<div class=\"elementor-spacer\">\n\t\t\t<div class=\"elementor-spacer-inner\"><\/div>\n\t\t<\/div>\n\t\t\t\t\t\t<\/div>\n\t\t\t\t<\/div>\n\t\t\t\t\t<\/div>\n\t\t<\/div>\n\t\t\t\t\t<\/div>\n\t\t<\/section>\n\t\t\t\t<\/div>\n\t\t","protected":false},"excerpt":{"rendered":"<p>El arte de destacar Juls se especializa en confeccionar piezas que destacan por su arquitectura: l\u00edneas limpias\u00a0y cortes precisos que buscan la armon\u00eda en la silueta. Sin embargo, lo que realmente define su identidad es el uso de pedrer\u00eda y la experimentaci\u00f3n con las estructuras. Cada prenda es un juego de contrastes donde la simplicidad &hellip; <\/p>\n<p class=\"link-more\"><a href=\"https:\/\/julstudio.estaciondiseno.es\/\" class=\"more-link\">Leer m\u00e1s<span class=\"screen-reader-text\"> \u00abINICIO\u00bb<\/span><\/a><\/p>\n","protected":false},"author":1,"featured_media":0,"parent":0,"menu_order":0,"comment_status":"closed","ping_status":"closed","template":"","meta":{"footnotes":""},"class_list":["post-32","page","type-page","status-publish","hentry"],"_links":{"self":[{"href":"https:\/\/julstudio.estaciondiseno.es\/index.php\/wp-json\/wp\/v2\/pages\/32","targetHints":{"allow":["GET"]}}],"collection":[{"href":"https:\/\/julstudio.estaciondiseno.es\/index.php\/wp-json\/wp\/v2\/pages"}],"about":[{"href":"https:\/\/julstudio.estaciondiseno.es\/index.php\/wp-json\/wp\/v2\/types\/page"}],"author":[{"embeddable":true,"href":"https:\/\/julstudio.estaciondiseno.es\/index.php\/wp-json\/wp\/v2\/users\/1"}],"replies":[{"embeddable":true,"href":"https:\/\/julstudio.estaciondiseno.es\/index.php\/wp-json\/wp\/v2\/comments?post=32"}],"version-history":[{"count":112,"href":"https:\/\/julstudio.estaciondiseno.es\/index.php\/wp-json\/wp\/v2\/pages\/32\/revisions"}],"predecessor-version":[{"id":679,"href":"https:\/\/julstudio.estaciondiseno.es\/index.php\/wp-json\/wp\/v2\/pages\/32\/revisions\/679"}],"wp:attachment":[{"href":"https:\/\/julstudio.estaciondiseno.es\/index.php\/wp-json\/wp\/v2\/media?parent=32"}],"curies":[{"name":"wp","href":"https:\/\/api.w.org\/{rel}","templated":true}]}}